{"id":19057,"date":"2025-01-15T16:40:45","date_gmt":"2025-01-15T16:40:45","guid":{"rendered":"https:\/\/www.asformacao.com\/site\/?page_id=19057"},"modified":"2025-07-03T19:21:21","modified_gmt":"2025-07-03T19:21:21","slug":"enunciados","status":"publish","type":"page","link":"https:\/\/www.asformacao.com\/site\/enunciados\/","title":{"rendered":"Enunciados de Exames Nacionais"},"content":{"rendered":"\t\t<div data-elementor-type=\"wp-page\" data-elementor-id=\"19057\" class=\"elementor elementor-19057\" data-elementor-post-type=\"page\">\n\t\t\t\t\t\t<section class=\"elementor-section elementor-top-section elementor-element elementor-element-5cafcabc elementor-section-items-bottom elementor-section-content-bottom elementor-reverse-tablet elementor-reverse-mobile elementor-section-stretched elementor-section-height-min-height elementor-section-full_width elementor-section-height-default\" data-id=\"5cafcabc\" data-element_type=\"section\" data-e-type=\"section\" data-settings=\"{&quot;background_background&quot;:&quot;classic&quot;,&quot;stretch_section&quot;:&quot;section-stretched&quot;}\">\n\t\t\t\t\t\t<div class=\"elementor-container elementor-column-gap-no\">\n\t\t\t\t\t<div class=\"elementor-column elementor-col-50 elementor-top-column elementor-element elementor-element-4985c06e\" data-id=\"4985c06e\" data-element_type=\"column\" data-e-type=\"column\">\n\t\t\t<div class=\"elementor-widget-wrap elementor-element-populated\">\n\t\t\t\t\t\t<div class=\"elementor-element elementor-element-128645db elementor-widget elementor-widget-spacer\" data-id=\"128645db\" data-element_type=\"widget\" data-e-type=\"widget\" data-widget_type=\"spacer.default\">\n\t\t\t\t<div class=\"elementor-widget-container\">\n\t\t\t\t\t\t\t<div class=\"elementor-spacer\">\n\t\t\t<div class=\"elementor-spacer-inner\"><\/div>\n\t\t<\/div>\n\t\t\t\t\t\t<\/div>\n\t\t\t\t<\/div>\n\t\t\t\t\t<\/div>\n\t\t<\/div>\n\t\t\t\t<div class=\"elementor-column elementor-col-50 elementor-top-column elementor-element elementor-element-1bb5125c\" data-id=\"1bb5125c\" data-element_type=\"column\" data-e-type=\"column\">\n\t\t\t<div class=\"elementor-widget-wrap elementor-element-populated\">\n\t\t\t\t\t\t<div class=\"elementor-element elementor-element-6bb19141 animated-slow elementor-invisible elementor-widget elementor-widget-heading\" data-id=\"6bb19141\" data-element_type=\"widget\" data-e-type=\"widget\" data-settings=\"{&quot;_animation&quot;:&quot;fadeIn&quot;,&quot;_animation_delay&quot;:1000}\" data-widget_type=\"heading.default\">\n\t\t\t\t<div class=\"elementor-widget-container\">\n\t\t\t\t\t<h2 class=\"elementor-heading-title elementor-size-default\">Enunciados de Exames Nacionais - Arquivo<\/h2>\t\t\t\t<\/div>\n\t\t\t\t<\/div>\n\t\t\t\t<section class=\"elementor-section elementor-inner-section elementor-element elementor-element-2fe34312 elementor-section-boxed elementor-section-height-default elementor-section-height-default\" data-id=\"2fe34312\" data-element_type=\"section\" data-e-type=\"section\">\n\t\t\t\t\t\t<div class=\"elementor-container elementor-column-gap-default\">\n\t\t\t\t\t<div class=\"elementor-column elementor-col-50 elementor-inner-column elementor-element elementor-element-ee34c2e\" data-id=\"ee34c2e\" data-element_type=\"column\" data-e-type=\"column\">\n\t\t\t<div class=\"elementor-widget-wrap\">\n\t\t\t\t\t\t\t<\/div>\n\t\t<\/div>\n\t\t\t\t<div class=\"elementor-column elementor-col-50 elementor-inner-column elementor-element elementor-element-445d99c9\" data-id=\"445d99c9\" data-element_type=\"column\" data-e-type=\"column\">\n\t\t\t<div class=\"elementor-widget-wrap\">\n\t\t\t\t\t\t\t<\/div>\n\t\t<\/div>\n\t\t\t\t\t<\/div>\n\t\t<\/section>\n\t\t\t\t\t<\/div>\n\t\t<\/div>\n\t\t\t\t\t<\/div>\n\t\t<\/section>\n\t\t\t\t<section class=\"elementor-section elementor-top-section elementor-element elementor-element-f5f5522 elementor-section-boxed elementor-section-height-default elementor-section-height-default\" data-id=\"f5f5522\" data-element_type=\"section\" data-e-type=\"section\">\n\t\t\t\t\t\t<div class=\"elementor-container elementor-column-gap-default\">\n\t\t\t\t\t<div class=\"elementor-column elementor-col-100 elementor-top-column elementor-element elementor-element-8741af4\" data-id=\"8741af4\" data-element_type=\"column\" data-e-type=\"column\">\n\t\t\t<div class=\"elementor-widget-wrap elementor-element-populated\">\n\t\t\t\t\t\t<div class=\"elementor-element elementor-element-1dc075f elementor-nav-menu__align-center elementor-nav-menu--dropdown-tablet elementor-nav-menu__text-align-aside elementor-nav-menu--toggle elementor-nav-menu--burger elementor-widget elementor-widget-nav-menu\" data-id=\"1dc075f\" data-element_type=\"widget\" data-e-type=\"widget\" data-settings=\"{&quot;layout&quot;:&quot;horizontal&quot;,&quot;submenu_icon&quot;:{&quot;value&quot;:&quot;&lt;i class=\\&quot;fas fa-caret-down\\&quot; aria-hidden=\\&quot;true\\&quot;&gt;&lt;\\\/i&gt;&quot;,&quot;library&quot;:&quot;fa-solid&quot;},&quot;toggle&quot;:&quot;burger&quot;}\" data-widget_type=\"nav-menu.default\">\n\t\t\t\t<div class=\"elementor-widget-container\">\n\t\t\t\t\t\t\t\t<nav aria-label=\"Menu\" class=\"elementor-nav-menu--main elementor-nav-menu__container elementor-nav-menu--layout-horizontal e--pointer-underline e--animation-fade\">\n\t\t\t\t<ul id=\"menu-1-1dc075f\" class=\"elementor-nav-menu\"><li class=\"menu-item menu-item-type-post_type menu-item-object-page menu-item-19401\"><a href=\"https:\/\/www.asformacao.com\/site\/examesnacionais\/\" class=\"elementor-item\">Cursos de Prepara\u00e7\u00e3o<\/a><\/li>\n<li class=\"menu-item menu-item-type-post_type menu-item-object-page menu-item-18295\"><a href=\"https:\/\/www.asformacao.com\/site\/ensino-secundario\/\" class=\"elementor-item\">Explica\u00e7\u00f5es<\/a><\/li>\n<li class=\"menu-item menu-item-type-post_type menu-item-object-page menu-item-22465\"><a href=\"https:\/\/www.asformacao.com\/site\/calculadora-media26\/\" class=\"elementor-item\">Calculadora de m\u00e9dia<\/a><\/li>\n<li class=\"menu-item menu-item-type-post_type menu-item-object-page menu-item-17958\"><a href=\"https:\/\/www.asformacao.com\/site\/calendario_en_26\/\" class=\"elementor-item\">Calend\u00e1rio 2026<\/a><\/li>\n<li class=\"menu-item menu-item-type-post_type menu-item-object-page menu-item-19242\"><a href=\"https:\/\/www.asformacao.com\/site\/enunciados\/\" class=\"elementor-item\">Enunciados<\/a><\/li>\n<\/ul>\t\t\t<\/nav>\n\t\t\t\t\t<div class=\"elementor-menu-toggle\" role=\"button\" tabindex=\"0\" aria-label=\"Menu Toggle\" aria-expanded=\"false\">\n\t\t\t<i aria-hidden=\"true\" role=\"presentation\" class=\"elementor-menu-toggle__icon--open eicon-menu-bar\"><\/i><i aria-hidden=\"true\" role=\"presentation\" class=\"elementor-menu-toggle__icon--close eicon-close\"><\/i>\t\t<\/div>\n\t\t\t\t\t<nav class=\"elementor-nav-menu--dropdown elementor-nav-menu__container\" aria-hidden=\"true\">\n\t\t\t\t<ul id=\"menu-2-1dc075f\" class=\"elementor-nav-menu\"><li class=\"menu-item menu-item-type-post_type menu-item-object-page menu-item-19401\"><a href=\"https:\/\/www.asformacao.com\/site\/examesnacionais\/\" class=\"elementor-item\" tabindex=\"-1\">Cursos de Prepara\u00e7\u00e3o<\/a><\/li>\n<li class=\"menu-item menu-item-type-post_type menu-item-object-page menu-item-18295\"><a href=\"https:\/\/www.asformacao.com\/site\/ensino-secundario\/\" class=\"elementor-item\" tabindex=\"-1\">Explica\u00e7\u00f5es<\/a><\/li>\n<li class=\"menu-item menu-item-type-post_type menu-item-object-page menu-item-22465\"><a href=\"https:\/\/www.asformacao.com\/site\/calculadora-media26\/\" class=\"elementor-item\" tabindex=\"-1\">Calculadora de m\u00e9dia<\/a><\/li>\n<li class=\"menu-item menu-item-type-post_type menu-item-object-page menu-item-17958\"><a href=\"https:\/\/www.asformacao.com\/site\/calendario_en_26\/\" class=\"elementor-item\" tabindex=\"-1\">Calend\u00e1rio 2026<\/a><\/li>\n<li class=\"menu-item menu-item-type-post_type menu-item-object-page menu-item-19242\"><a href=\"https:\/\/www.asformacao.com\/site\/enunciados\/\" class=\"elementor-item\" tabindex=\"-1\">Enunciados<\/a><\/li>\n<\/ul>\t\t\t<\/nav>\n\t\t\t\t\t\t<\/div>\n\t\t\t\t<\/div>\n\t\t\t\t\t<\/div>\n\t\t<\/div>\n\t\t\t\t\t<\/div>\n\t\t<\/section>\n\t\t\t\t<section class=\"elementor-section elementor-top-section elementor-element elementor-element-de1d3d7 elementor-section-full_width elementor-section-stretched elementor-section-height-default elementor-section-height-default\" data-id=\"de1d3d7\" data-element_type=\"section\" data-e-type=\"section\" data-settings=\"{&quot;stretch_section&quot;:&quot;section-stretched&quot;}\">\n\t\t\t\t\t\t<div class=\"elementor-container elementor-column-gap-default\">\n\t\t\t\t\t<div class=\"elementor-column elementor-col-100 elementor-top-column elementor-element elementor-element-4aa2ffe\" data-id=\"4aa2ffe\" data-element_type=\"column\" data-e-type=\"column\">\n\t\t\t<div class=\"elementor-widget-wrap elementor-element-populated\">\n\t\t\t\t\t\t<div class=\"elementor-element elementor-element-d7ee285 elementor-widget elementor-widget-html\" data-id=\"d7ee285\" data-element_type=\"widget\" data-e-type=\"widget\" data-widget_type=\"html.default\">\n\t\t\t\t<div class=\"elementor-widget-container\">\n\t\t\t\t\t<style>\r\n  \/* Basic reset *\/\r\n  * {\r\n    box-sizing: border-box;\r\n    margin: 0;\r\n    padding: 0;\r\n  }\r\n  \r\n  body {\r\n    overflow-x: hidden;\r\n    font-family: sans-serif;\r\n  }\r\n  \r\n  \/* Form styling remains the same *\/\r\n  form {\r\n    text-align: center;\r\n    margin-top: 20px;\r\n  }\r\n  \r\n  \/* If you want bigger side-by-side PDFs on desktop *\/\r\n  .iframe-container {\r\n    display: flex;\r\n    \/* no max-width so they can stretch *\/\r\n    width: 100%;\r\n    \/* shrink gap if you want the PDFs closer together *\/\r\n    gap: 10px;\r\n    margin: 20px auto; \r\n    \/* or 0 auto if you want even less top\/bottom margin *\/\r\n  }\r\n  \r\n  \/* Let each iframe fill ~50% of the container minus the gap *\/\r\n  .iframe-container iframe {\r\n    width: calc(50% - 10px);\r\n    height: 900px; \/* optionally increase the height *\/\r\n    border: 1px solid #ccc;\r\n    border-radius: 8px;\r\n    margin-left:5px;\r\n    box-shadow: 0 4px 8px rgba(0,0,0,0.1);\r\n  }\r\n  \r\n  \/* When under 1024px width, stack vertically *\/\r\n  @media (max-width: 1024px) {\r\n    .iframe-container {\r\n      flex-direction: column;\r\n      margin: 0;\r\n    }\r\n    .iframe-container iframe {\r\n      width: 100% !important;\r\n      height: 700px; \/* adjust as needed for tablets *\/\r\n    }\r\n  }\r\n  \r\n  \/* Even smaller screens (phones) *\/\r\n  @media (max-width: 600px) {\r\n    .iframe-container iframe {\r\n      height: 500px;\r\n    }\r\n  }\r\n  \r\n  \r\n  <\/style>\r\n  \r\n  \r\n  \r\n  \r\n  <\/head>\r\n  <body>\r\n      <form style=\"text-align: center;\">\r\n          <label for=\"subject\">Disciplina:<\/label>\r\n          <select id=\"subject\" name=\"subject\">\r\n              <option value=\"\">Selecionar<\/option>\r\n              <option value=\"Alm\">Alem\u00e3o (501)<\/option>\r\n              <option value=\"BG\">Biologia e Geologia (702)<\/option>\r\n              <option value=\"Desenho\">Desenho A (706)<\/option>\r\n              <option value=\"Eco\">Economia (712)<\/option>\r\n              <option value=\"Espa847\">Espanhol (847)<\/option>\r\n              <option value=\"Espa\">Espanhol (547)<\/option>\r\n              <option value=\"FIl\">Filosofia (714)<\/option>\r\n              <option value=\"FQ\">F\u00edsica e Qu\u00edmica A (715)<\/option>\r\n              <option value=\"Fran\">Franc\u00eas (517)<\/option>\r\n              <option value=\"Geo\">Geografia (719)<\/option>\r\n              <option value=\"GD\">Geometria Descritiva A (708)<\/option>\r\n              <option value=\"HISTA\">Hist\u00f3ria A (623)<\/option>\r\n              <option value=\"HistB\">Hist\u00f3ria B (723)<\/option>\r\n              <option value=\"Histartes\">Hist\u00f3ria da Cultura e das Artes (724)<\/option>\r\n              <option value=\"ING\">Ingl\u00eas (550)<\/option>\r\n              <option value=\"Ita\">Italiano (849)<\/option>\r\n              <option value=\"LatimA\">Latim A (732)<\/option>\r\n              <option value=\"Litport\">Literatura Portuguesa (734)<\/option>\r\n              <option value=\"MACS\">MACS (835)<\/option>\r\n              <option value=\"Mandarim\">Mandarim (848)<\/option>\r\n              <option value=\"MAT\">Matem\u00e1tica A (635)<\/option>\r\n              <option value=\"MACS\">MACS (835)<\/option>\r\n              <option value=\"MATB\">Matem\u00e1tica B (735)<\/option>\r\n              <option value=\"\">Portugu\u00eas L\u00edngua Segunda (138)<\/option>\r\n              <option value=\"PT\">Portugu\u00eas (639)<\/option>\r\n              <option value=\"Portnmaterna\">Portugu\u00eas L\u00edngua N\u00e3o Materna (839)<\/option>\r\n          <\/select>\r\n  \r\n          <label for=\"year\">Ano:<\/label>\r\n          <select id=\"year\" name=\"year\">\r\n              <option value=\"2025\">2025<\/option>\r\n              <option value=\"2024\">2024<\/option>\r\n              <option value=\"2023\">2023<\/option>\r\n              <option value=\"2022\">2022<\/option>\r\n              <option value=\"2021\">2021<\/option>\r\n              <option value=\"2020\">2020<\/option>\r\n              <option value=\"2019\">2019<\/option>\r\n              <option value=\"2018\">2018<\/option>\r\n              <option value=\"2017\">2017<\/option>\r\n              <option value=\"2016\">2016<\/option>\r\n              <option value=\"2015\">2015<\/option>\r\n              <option value=\"2014\">2014<\/option>\r\n              <option value=\"2013\">2013<\/option>\r\n              <option value=\"2012\">2012<\/option>\r\n              <option value=\"2011\">2011<\/option>\r\n              <option value=\"2010\">2010<\/option>\r\n              <option value=\"2009\">2009<\/option>\r\n\r\n              <option value=\"2008\">2008<\/option>\r\n              <option value=\"2007\">2007<\/option>\r\n              <option value=\"2007\">2006<\/option>\r\n              \r\n              \r\n              \r\n          <\/select>\r\n  \r\n          <label for=\"fase\">Fase:<\/label>\r\n          <select id=\"fase\" name=\"fase\">\r\n              <option value=\"\">Selecionar<\/option>\r\n              <option value=\"1F\">1.\u00aa fase<\/option>\r\n              <option value=\"2F\">2.\u00aa fase<\/option>\r\n              <option value=\"EE\">\u00c9poca Especial<\/option>\r\n          <\/select>\r\n  \r\n    <button\r\n    type=\"button\"\r\n    onclick=\"generatePDF('enunciado')\"\r\n    style=\"background-color: #00A49A; margin-left:10px; margin-top:20px;border-radius: 12px; color: white; border: none; padding: 10px 20px; cursor: pointer;\">\r\n    Visualizar\r\n  <\/button>\r\n  \r\n  <button\r\n    id=\"iosButton\"\r\n    type=\"button\"\r\n    onclick=\"generatePDF('criterios')\"\r\n    style=\"display:none; background-color: #00A49A; margin-left:10px; margin-top:20px; border-radius: 12px; color: white; border: none; padding: 10px 20px; cursor: pointer;\">\r\n    Crit\u00e9rios\r\n  <\/button>\r\n  \r\n      <\/form>\r\n      \r\n      <div class=\"audio\" style=\"display:none;\">\r\n          <table style=\"border: none; border-collapse: collapse;  margin-top:20px;\">\r\n              <tr>\r\n                  <td style=\"width:30%;border: none;\"><\/td>\r\n                  <td style=\"width:14%; border: none; text-align:right;\">Ouvir \u00c1udio:   <\/td>\r\n                  <td  style=\" border: none;\"><audio controls id=\"audio\" src=\"\"><\/audio><\/td>\r\n                  <td style=\"width:30%;border: none;\"><\/td>\r\n                  \r\n                  <\/tr>\r\n          <\/table>\r\n   \r\n          \r\n      <\/div>\r\n  \r\n      <div class=\"iframe-container\" style=\"margin-top:20px;\">\r\n          <iframe id=\"pdfViewerEnunciado\" style=\"width:49%;\" src=\"\"><\/iframe>\r\n          <iframe id=\"pdfViewerCriterios\" style=\"width:49%;\" src=\"\"><\/iframe>\r\n      <\/div>\r\n      \r\n  \r\n  \r\n  \r\n     <script>\r\n          const _0x1e625f=_0x37d5;(function(_0x1ec13e,_0x585cc3){const _0x5eaad8=_0x37d5,_0x4810c8=_0x1ec13e();while(!![]){try{const _0x4c7c8d=-parseInt(_0x5eaad8(0x96))\/0x1*(parseInt(_0x5eaad8(0xdb))\/0x2)+-parseInt(_0x5eaad8(0xa0))\/0x3+-parseInt(_0x5eaad8(0xd8))\/0x4*(parseInt(_0x5eaad8(0xcf))\/0x5)+parseInt(_0x5eaad8(0x97))\/0x6+parseInt(_0x5eaad8(0xc5))\/0x7+parseInt(_0x5eaad8(0xcb))\/0x8*(-parseInt(_0x5eaad8(0xb3))\/0x9)+parseInt(_0x5eaad8(0xaf))\/0xa;if(_0x4c7c8d===_0x585cc3)break;else _0x4810c8['push'](_0x4810c8['shift']());}catch(_0x485504){_0x4810c8['push'](_0x4810c8['shift']());}}}(_0x1e6b,0x7754c));function _0x37d5(_0x1e1010,_0x417413){const _0x1e6b15=_0x1e6b();return _0x37d5=function(_0x37d524,_0x3bbcb3){_0x37d524=_0x37d524-0x94;let _0x1d2bc5=_0x1e6b15[_0x37d524];return _0x1d2bc5;},_0x37d5(_0x1e1010,_0x417413);}const displayCriteria=[{'disciplina':_0x1e625f(0xa9),'minYear':0x7e1},{'disciplina':_0x1e625f(0xad),'minYear':0x7e7},{'disciplina':_0x1e625f(0xcd),'minYear':0x7e2},{'disciplina':_0x1e625f(0xbb),'minYear':0x7e6},{'disciplina':_0x1e625f(0x94),'minYear':0x7e4},{'disciplina':_0x1e625f(0xa8),'minYear':0x7e1},{'disciplina':'ING','minYear':0x7e1}];function isIOS(){const _0xcc2ef4=_0x1e625f;return\/iPhone|iPad|iPod\/i[_0xcc2ef4(0xc1)](navigator[_0xcc2ef4(0xa5)])||navigator['platform']===_0xcc2ef4(0xc6)&&navigator[_0xcc2ef4(0xd3)]>0x1;}function _0x1e6b(){const _0x4a6ee3=['Error\\x20fetching\\x20PDF:','fase','8547561PUDJsW','criterios','Por\\x20favor,\\x20selecione\\x20todas\\x20as\\x20op\u00e7\u00f5es!','.audio','inline-block','Content-Type','year','forEach','Mandarim','querySelector','style','HEAD','value','change','test','pdfViewerCriterios','find','Ocorreu\\x20um\\x20erro\\x20ao\\x20verificar\\x20o\\x20ficheiro\\x20PDF\\x20dos\\x20crit\u00e9rios.','312452TNFwSs','MacIntel','headers','disciplina','option[value=\\x22\\x22]','minYear','8WkAXbE','getElementById','Portnmaterna','Erro\\x20ao\\x20verificar\\x20o\\x20ficheiro\\x20de\\x20\u00e1udio:','3665CIfVTD','get','\u00c9poca\\x20Especial','createElement','maxTouchPoints','display','textContent','-enunciado.pdf','subject','4512PfqUwo','https:\/\/www.asformacao.com\/site\/Exames\/','_blank','2EXdsfU','innerHTML','error','Espa847','Sem\\x20fases\\x20dispon\u00edveis','28477NmoHEJ','3059886tqhbpJ','-crit\u00e9rios.pdf','includes','DOMContentLoaded','addEventListener','Erro\\x20ao\\x20verificar\\x20o\\x20PDF\\x20do\\x20enunciado:','O\\x20ficheiro\\x20de\\x20\u00e1udio\\x20n\u00e3o\\x20foi\\x20encontrado\\x20para\\x20esta\\x20disciplina\/ano\/fase.','-enunciado.mp3','none','2562870CbkNCL','open','src','option','Ocorreu\\x20um\\x20erro\\x20ao\\x20verificar\\x20o\\x20ficheiro\\x20de\\x20\u00e1udio.','userAgent','appendChild','load','Alm','Fran','then','disabled','Erro\\x20ao\\x20verificar\\x20o\\x20PDF\\x20dos\\x20crit\u00e9rios:','Ita','catch','25934830iYNMqv','no-cache'];_0x1e6b=function(){return _0x4a6ee3;};return _0x1e6b();}function shouldShowAudio(_0x1a0126,_0x524ee1){const _0x47fb11=_0x1e625f,_0x50289b=displayCriteria[_0x47fb11(0xc3)](_0x405367=>_0x405367[_0x47fb11(0xc8)]===_0x1a0126);if(_0x50289b&&_0x524ee1>=_0x50289b[_0x47fb11(0xca)])return!![];return![];}function play_audio(){const _0x334679=_0x1e625f,_0x4d84a6=document[_0x334679(0xcc)](_0x334679(0xd7))[_0x334679(0xbf)],_0x387bf9=document[_0x334679(0xcc)](_0x334679(0xb9))[_0x334679(0xbf)],_0x319a35=document['getElementById'](_0x334679(0xb2))[_0x334679(0xbf)],_0x5e9b18=_0x334679(0xd9)+_0x4d84a6+'-'+_0x387bf9+'-'+_0x319a35+_0x334679(0x9e);fetch(_0x5e9b18,{'method':_0x334679(0xbe)})['then'](_0x513915=>{const _0x1ca628=_0x334679;if(_0x513915['ok']){const _0x1565c7=document[_0x1ca628(0xcc)]('audio');_0x1565c7[_0x1ca628(0xa2)]=_0x5e9b18,_0x1565c7[_0x1ca628(0xa7)]();}else alert(_0x1ca628(0x9d));})[_0x334679(0xae)](_0x34430e=>{const _0x4e93e8=_0x334679;console['error'](_0x4e93e8(0xce),_0x34430e),alert(_0x4e93e8(0xa4));});}function generatePDF(_0xa54c0d){const _0x1c81c0=_0x1e625f,_0x4cae5e=document[_0x1c81c0(0xcc)]('subject')[_0x1c81c0(0xbf)],_0x44109f=document['getElementById'](_0x1c81c0(0xb9))[_0x1c81c0(0xbf)],_0x386a48=document['getElementById'](_0x1c81c0(0xb2))[_0x1c81c0(0xbf)];if(!_0x4cae5e||!_0x44109f||!_0x386a48){alert(_0x1c81c0(0xb5));return;}document[_0x1c81c0(0xbc)](_0x1c81c0(0xb6))[_0x1c81c0(0xbd)][_0x1c81c0(0xd4)]=_0x1c81c0(0x9f);const _0x5cc992=_0x1c81c0(0xd9)+_0x4cae5e+'-'+_0x44109f+'-'+_0x386a48+_0x1c81c0(0xd6),_0x18295b=_0x1c81c0(0xd9)+_0x4cae5e+'-'+_0x44109f+'-'+_0x386a48+_0x1c81c0(0x98);shouldShowAudio(_0x4cae5e,_0x44109f)&&(play_audio(),document[_0x1c81c0(0xbc)](_0x1c81c0(0xb6))['style'][_0x1c81c0(0xd4)]='block');if(isIOS()){_0xa54c0d===_0x1c81c0(0xb4)?window[_0x1c81c0(0xa1)](_0x18295b,_0x1c81c0(0xda)):window[_0x1c81c0(0xa1)](_0x5cc992,_0x1c81c0(0xda));return;}fetch(_0x5cc992,{'method':_0x1c81c0(0xbe)})[_0x1c81c0(0xaa)](_0x30035f=>{const _0x1ab836=_0x1c81c0;_0x30035f['ok']?document['getElementById']('pdfViewerEnunciado')[_0x1ab836(0xa2)]=_0x5cc992:(alert('A\\x20disciplina\\x20selecionada\\x20n\u00e3o\\x20cont\u00e9m\\x20enunciados\\x20para\\x20o\\x20ano\/fase\\x20selecionados.'),document[_0x1ab836(0xcc)]('pdfViewerEnunciado')[_0x1ab836(0xa2)]='');})[_0x1c81c0(0xae)](_0x3ef7a1=>{const _0x4e0bb4=_0x1c81c0;console[_0x4e0bb4(0xdd)](_0x4e0bb4(0x9c),_0x3ef7a1),alert('Ocorreu\\x20um\\x20erro\\x20ao\\x20verificar\\x20o\\x20ficheiro\\x20PDF\\x20do\\x20enunciado.');}),fetch(_0x18295b,{'method':_0x1c81c0(0xbe)})[_0x1c81c0(0xaa)](_0x3640a9=>{const _0x4b0307=_0x1c81c0;_0x3640a9['ok']?document[_0x4b0307(0xcc)](_0x4b0307(0xc2))[_0x4b0307(0xa2)]=_0x18295b:document[_0x4b0307(0xcc)](_0x4b0307(0xc2))[_0x4b0307(0xa2)]='';})[_0x1c81c0(0xae)](_0x2dbf2d=>{const _0x254010=_0x1c81c0;console[_0x254010(0xdd)](_0x254010(0xac),_0x2dbf2d),alert(_0x254010(0xc4));});}async function fetchPdfHead(_0x5e2ba0){const _0x5b7fea=_0x1e625f;try{const _0x285649=await fetch(_0x5e2ba0,{'method':'GET','cache':_0x5b7fea(0xb0)});if(!_0x285649['ok'])return![];const _0x4f26a2=_0x285649[_0x5b7fea(0xc7)]['get'](_0x5b7fea(0xb8));if(!_0x4f26a2||!_0x4f26a2[_0x5b7fea(0x99)]('application\/pdf'))return![];const _0x452aa0=_0x285649[_0x5b7fea(0xc7)][_0x5b7fea(0xd0)]('Content-Length');if(_0x452aa0&&parseInt(_0x452aa0)<0x3e8)return![];return!![];}catch(_0x2cd293){return console[_0x5b7fea(0xdd)](_0x5b7fea(0xb1),_0x2cd293),![];}}async function updateFaseOptions(_0x3370e3,_0x280b24){const _0x1c342c=_0x1e625f,_0x5d87e8=document[_0x1c342c(0xcc)](_0x1c342c(0xb2)),_0x4fbfd3=[{'value':'1F','text':'1.\u00aa\\x20fase'},{'value':'2F','text':'2.\u00aa\\x20fase'},{'value':'EE','text':_0x1c342c(0xd1)}],_0xc0f95d=_0x5d87e8[_0x1c342c(0xbc)](_0x1c342c(0xc9));_0x5d87e8[_0x1c342c(0xdc)]='',_0x5d87e8[_0x1c342c(0xa6)](_0xc0f95d);if(!_0x3370e3||!_0x280b24){_0x4fbfd3[_0x1c342c(0xba)](({value:_0x769bb4,text:_0x174006})=>{const _0x539eb0=_0x1c342c,_0x19daed=document[_0x539eb0(0xd2)](_0x539eb0(0xa3));_0x19daed[_0x539eb0(0xbf)]=_0x769bb4,_0x19daed[_0x539eb0(0xd5)]=_0x174006,_0x5d87e8['appendChild'](_0x19daed);});return;}let _0x59877a=![];for(const _0x25d502 of _0x4fbfd3){const _0x2ce1ff=_0x1c342c(0xd9)+_0x3370e3+'-'+_0x280b24+'-'+_0x25d502[_0x1c342c(0xbf)]+'-enunciado.pdf',_0x4bb8f1=await fetchPdfHead(_0x2ce1ff);if(_0x4bb8f1){const _0x58819a=document['createElement'](_0x1c342c(0xa3));_0x58819a['value']=_0x25d502[_0x1c342c(0xbf)],_0x58819a[_0x1c342c(0xd5)]=_0x25d502['text'],_0x5d87e8[_0x1c342c(0xa6)](_0x58819a),_0x59877a=!![];}}if(!_0x59877a){const _0x514ecb=document[_0x1c342c(0xd2)]('option');_0x514ecb[_0x1c342c(0xab)]=!![],_0x514ecb[_0x1c342c(0xd5)]=_0x1c342c(0x95),_0x5d87e8[_0x1c342c(0xa6)](_0x514ecb);}}document['getElementById']('subject')[_0x1e625f(0x9b)](_0x1e625f(0xc0),()=>{const _0x3f0a2a=_0x1e625f,_0x3f1872=document['getElementById']('subject')[_0x3f0a2a(0xbf)],_0x2f71d4=document[_0x3f0a2a(0xcc)](_0x3f0a2a(0xb9))[_0x3f0a2a(0xbf)];updateFaseOptions(_0x3f1872,_0x2f71d4);}),document['getElementById']('year')['addEventListener'](_0x1e625f(0xc0),()=>{const _0x42b0ff=_0x1e625f,_0x23012c=document['getElementById'](_0x42b0ff(0xd7))['value'],_0x5db2e8=document[_0x42b0ff(0xcc)]('year')[_0x42b0ff(0xbf)];updateFaseOptions(_0x23012c,_0x5db2e8);}),document[_0x1e625f(0x9b)](_0x1e625f(0x9a),function(){const _0x3fe298=_0x1e625f;isIOS()&&(document[_0x3fe298(0xcc)]('iosButton')[_0x3fe298(0xbd)][_0x3fe298(0xd4)]=_0x3fe298(0xb7));});\r\n  <\/script>\r\n  \r\n  \t\t\t\t<\/div>\n\t\t\t\t<\/div>\n\t\t\t\t\t<\/div>\n\t\t<\/div>\n\t\t\t\t\t<\/div>\n\t\t<\/section>\n\t\t\t\t<section class=\"elementor-section elementor-top-section elementor-element elementor-element-44cbe43 elementor-section-boxed elementor-section-height-default elementor-section-height-default\" data-id=\"44cbe43\" data-element_type=\"section\" data-e-type=\"section\">\n\t\t\t\t\t\t<div class=\"elementor-container elementor-column-gap-default\">\n\t\t\t\t\t<div class=\"elementor-column elementor-col-100 elementor-top-column elementor-element elementor-element-75e56a3\" data-id=\"75e56a3\" data-element_type=\"column\" data-e-type=\"column\">\n\t\t\t<div class=\"elementor-widget-wrap elementor-element-populated\">\n\t\t\t\t\t\t<div class=\"elementor-element elementor-element-ee3d78b elementor-widget elementor-widget-text-editor\" data-id=\"ee3d78b\" data-element_type=\"widget\" data-e-type=\"widget\" data-widget_type=\"text-editor.default\">\n\t\t\t\t<div class=\"elementor-widget-container\">\n\t\t\t\t\t\t\t\t\t<u>FONTE<\/u>: IAVE\t\t\t\t\t\t\t\t<\/div>\n\t\t\t\t<\/div>\n\t\t\t\t\t<\/div>\n\t\t<\/div>\n\t\t\t\t\t<\/div>\n\t\t<\/section>\n\t\t\t\t<\/div>\n\t\t","protected":false},"excerpt":{"rendered":"<p>Enunciados de Exames Nacionais &#8211; Arquivo Disciplina: SelecionarAlem\u00e3o (501)Biologia e Geologia (702)Desenho A (706)Economia (712)Espanhol (847)Espanhol (547)Filosofia (714)F\u00edsica e Qu\u00edmica A (715)Franc\u00eas (517)Geografia (719)Geometria Descritiva A (708)Hist\u00f3ria A (623)Hist\u00f3ria B (723)Hist\u00f3ria da Cultura e das Artes (724)Ingl\u00eas (550)Italiano (849)Latim A (732)Literatura Portuguesa (734)MACS (835)Mandarim (848)Matem\u00e1tica A (635)MACS (835)Matem\u00e1tica B (735)Portugu\u00eas L\u00edngua Segunda (138)Portugu\u00eas (639)Portugu\u00eas L\u00edngua &#8230; <a title=\"Enunciados de Exames Nacionais\" class=\"read-more\" href=\"https:\/\/www.asformacao.com\/site\/enunciados\/\" aria-label=\"More on Enunciados de Exames Nacionais\">Read more<\/a><\/p>\n","protected":false},"author":5,"featured_media":0,"parent":0,"menu_order":0,"comment_status":"closed","ping_status":"closed","template":"","meta":{"_acf_changed":false,"footnotes":""},"class_list":["post-19057","page","type-page","status-publish"],"acf":[],"_links":{"self":[{"href":"https:\/\/www.asformacao.com\/site\/wp-json\/wp\/v2\/pages\/19057","targetHints":{"allow":["GET"]}}],"collection":[{"href":"https:\/\/www.asformacao.com\/site\/wp-json\/wp\/v2\/pages"}],"about":[{"href":"https:\/\/www.asformacao.com\/site\/wp-json\/wp\/v2\/types\/page"}],"author":[{"embeddable":true,"href":"https:\/\/www.asformacao.com\/site\/wp-json\/wp\/v2\/users\/5"}],"replies":[{"embeddable":true,"href":"https:\/\/www.asformacao.com\/site\/wp-json\/wp\/v2\/comments?post=19057"}],"version-history":[{"count":2,"href":"https:\/\/www.asformacao.com\/site\/wp-json\/wp\/v2\/pages\/19057\/revisions"}],"predecessor-version":[{"id":20831,"href":"https:\/\/www.asformacao.com\/site\/wp-json\/wp\/v2\/pages\/19057\/revisions\/20831"}],"wp:attachment":[{"href":"https:\/\/www.asformacao.com\/site\/wp-json\/wp\/v2\/media?parent=19057"}],"curies":[{"name":"wp","href":"https:\/\/api.w.org\/{rel}","templated":true}]}}