{"id":2769,"date":"2022-03-02T10:49:14","date_gmt":"2022-03-02T10:49:14","guid":{"rendered":"http:\/\/www.asformacao.com\/site\/?page_id=2769"},"modified":"2025-06-10T15:58:54","modified_gmt":"2025-06-10T15:58:54","slug":"ensino-superior","status":"publish","type":"page","link":"https:\/\/www.asformacao.com\/site\/ensino-superior\/","title":{"rendered":"Ensino Superior"},"content":{"rendered":"\t\t<div data-elementor-type=\"wp-page\" data-elementor-id=\"2769\" class=\"elementor elementor-2769\" data-elementor-post-type=\"page\">\n\t\t\t\t\t\t<section class=\"elementor-section elementor-top-section elementor-element elementor-element-83f66d7 elementor-section-items-bottom elementor-section-content-bottom elementor-reverse-tablet elementor-reverse-mobile elementor-section-stretched elementor-section-height-min-height elementor-section-full_width elementor-section-height-default\" data-id=\"83f66d7\" data-element_type=\"section\" data-e-type=\"section\" data-settings=\"{&quot;background_background&quot;:&quot;classic&quot;,&quot;stretch_section&quot;:&quot;section-stretched&quot;}\">\n\t\t\t\t\t\t<div class=\"elementor-container elementor-column-gap-no\">\n\t\t\t\t\t<div class=\"elementor-column elementor-col-50 elementor-top-column elementor-element elementor-element-4f94252\" data-id=\"4f94252\" data-element_type=\"column\" data-e-type=\"column\">\n\t\t\t<div class=\"elementor-widget-wrap elementor-element-populated\">\n\t\t\t\t\t\t<section class=\"elementor-section elementor-inner-section elementor-element elementor-element-6caca54 elementor-section-boxed elementor-section-height-default elementor-section-height-default\" data-id=\"6caca54\" data-element_type=\"section\" data-e-type=\"section\">\n\t\t\t\t\t\t<div class=\"elementor-container elementor-column-gap-default\">\n\t\t\t\t\t<div class=\"elementor-column elementor-col-50 elementor-inner-column elementor-element elementor-element-b3bfb52\" data-id=\"b3bfb52\" data-element_type=\"column\" data-e-type=\"column\">\n\t\t\t<div class=\"elementor-widget-wrap\">\n\t\t\t\t\t\t\t<\/div>\n\t\t<\/div>\n\t\t\t\t<div class=\"elementor-column elementor-col-50 elementor-inner-column elementor-element elementor-element-2c8097e\" data-id=\"2c8097e\" data-element_type=\"column\" data-e-type=\"column\">\n\t\t\t<div class=\"elementor-widget-wrap\">\n\t\t\t\t\t\t\t<\/div>\n\t\t<\/div>\n\t\t\t\t\t<\/div>\n\t\t<\/section>\n\t\t\t\t<div class=\"elementor-element elementor-element-6a7e27e elementor-widget elementor-widget-spacer\" data-id=\"6a7e27e\" data-element_type=\"widget\" data-e-type=\"widget\" data-widget_type=\"spacer.default\">\n\t\t\t\t<div class=\"elementor-widget-container\">\n\t\t\t\t\t\t\t<div class=\"elementor-spacer\">\n\t\t\t<div class=\"elementor-spacer-inner\"><\/div>\n\t\t<\/div>\n\t\t\t\t\t\t<\/div>\n\t\t\t\t<\/div>\n\t\t\t\t\t<\/div>\n\t\t<\/div>\n\t\t\t\t<div class=\"elementor-column elementor-col-50 elementor-top-column elementor-element elementor-element-cf6caf1\" data-id=\"cf6caf1\" data-element_type=\"column\" data-e-type=\"column\">\n\t\t\t<div class=\"elementor-widget-wrap elementor-element-populated\">\n\t\t\t\t\t\t<div class=\"elementor-element elementor-element-760169a animated-slow elementor-invisible elementor-widget elementor-widget-heading\" data-id=\"760169a\" data-element_type=\"widget\" data-e-type=\"widget\" data-settings=\"{&quot;_animation&quot;:&quot;fadeIn&quot;,&quot;_animation_delay&quot;:1000}\" data-widget_type=\"heading.default\">\n\t\t\t\t<div class=\"elementor-widget-container\">\n\t\t\t\t\t<h2 class=\"elementor-heading-title elementor-size-default\">Ensino Superior<\/h2>\t\t\t\t<\/div>\n\t\t\t\t<\/div>\n\t\t\t\t<section class=\"elementor-section elementor-inner-section elementor-element elementor-element-2ad1ff2 elementor-section-boxed elementor-section-height-default elementor-section-height-default\" data-id=\"2ad1ff2\" data-element_type=\"section\" data-e-type=\"section\">\n\t\t\t\t\t\t<div class=\"elementor-container elementor-column-gap-default\">\n\t\t\t\t\t<div class=\"elementor-column elementor-col-50 elementor-inner-column elementor-element elementor-element-c788293\" data-id=\"c788293\" data-element_type=\"column\" data-e-type=\"column\">\n\t\t\t<div class=\"elementor-widget-wrap\">\n\t\t\t\t\t\t\t<\/div>\n\t\t<\/div>\n\t\t\t\t<div class=\"elementor-column elementor-col-50 elementor-inner-column elementor-element elementor-element-d123f27\" data-id=\"d123f27\" data-element_type=\"column\" data-e-type=\"column\">\n\t\t\t<div class=\"elementor-widget-wrap\">\n\t\t\t\t\t\t\t<\/div>\n\t\t<\/div>\n\t\t\t\t\t<\/div>\n\t\t<\/section>\n\t\t\t\t<div class=\"elementor-element elementor-element-4aff66b elementor-widget elementor-widget-spacer\" data-id=\"4aff66b\" data-element_type=\"widget\" data-e-type=\"widget\" data-widget_type=\"spacer.default\">\n\t\t\t\t<div class=\"elementor-widget-container\">\n\t\t\t\t\t\t\t<div class=\"elementor-spacer\">\n\t\t\t<div class=\"elementor-spacer-inner\"><\/div>\n\t\t<\/div>\n\t\t\t\t\t\t<\/div>\n\t\t\t\t<\/div>\n\t\t\t\t\t<\/div>\n\t\t<\/div>\n\t\t\t\t\t<\/div>\n\t\t<\/section>\n\t\t\t\t<section class=\"elementor-section elementor-top-section elementor-element elementor-element-372efb6 elementor-section-boxed elementor-section-height-default elementor-section-height-default\" data-id=\"372efb6\" data-element_type=\"section\" data-e-type=\"section\">\n\t\t\t\t\t\t<div class=\"elementor-container elementor-column-gap-default\">\n\t\t\t\t\t<div class=\"elementor-column elementor-col-100 elementor-top-column elementor-element elementor-element-c490f29\" data-id=\"c490f29\" data-element_type=\"column\" data-e-type=\"column\">\n\t\t\t<div class=\"elementor-widget-wrap elementor-element-populated\">\n\t\t\t\t\t\t\t<\/div>\n\t\t<\/div>\n\t\t\t\t\t<\/div>\n\t\t<\/section>\n\t\t\t\t<section class=\"elementor-section elementor-top-section elementor-element elementor-element-901f2f8 elementor-section-boxed elementor-section-height-default elementor-section-height-default\" data-id=\"901f2f8\" data-element_type=\"section\" data-e-type=\"section\">\n\t\t\t\t\t\t<div class=\"elementor-container elementor-column-gap-default\">\n\t\t\t\t\t<div class=\"elementor-column elementor-col-100 elementor-top-column elementor-element elementor-element-1aa2104\" data-id=\"1aa2104\" data-element_type=\"column\" data-e-type=\"column\">\n\t\t\t<div class=\"elementor-widget-wrap elementor-element-populated\">\n\t\t\t\t\t\t<section class=\"elementor-section elementor-inner-section elementor-element elementor-element-afdfc45 elementor-section-boxed elementor-section-height-default elementor-section-height-default\" data-id=\"afdfc45\" data-element_type=\"section\" data-e-type=\"section\">\n\t\t\t\t\t\t<div class=\"elementor-container elementor-column-gap-default\">\n\t\t\t\t\t<div class=\"elementor-column elementor-col-50 elementor-inner-column elementor-element elementor-element-530010a\" data-id=\"530010a\" data-element_type=\"column\" data-e-type=\"column\">\n\t\t\t<div class=\"elementor-widget-wrap elementor-element-populated\">\n\t\t\t\t\t\t<div class=\"elementor-element elementor-element-9823575 elementor-widget elementor-widget-text-editor\" data-id=\"9823575\" data-element_type=\"widget\" data-e-type=\"widget\" data-widget_type=\"text-editor.default\">\n\t\t\t\t<div class=\"elementor-widget-container\">\n\t\t\t\t\t\t\t\t\t<p>_____________________________<\/p>\t\t\t\t\t\t\t\t<\/div>\n\t\t\t\t<\/div>\n\t\t\t\t<div class=\"elementor-element elementor-element-f5c4316 elementor-widget__width-initial elementor-widget elementor-widget-price-table\" data-id=\"f5c4316\" data-element_type=\"widget\" data-e-type=\"widget\" data-settings=\"{&quot;sticky&quot;:&quot;top&quot;,&quot;sticky_parent&quot;:&quot;yes&quot;,&quot;sticky_on&quot;:[&quot;desktop&quot;,&quot;tablet&quot;,&quot;mobile&quot;],&quot;sticky_offset&quot;:0,&quot;sticky_effects_offset&quot;:0,&quot;sticky_anchor_link_offset&quot;:0}\" data-widget_type=\"price-table.default\">\n\t\t\t\t<div class=\"elementor-widget-container\">\n\t\t\t\t\t\n\t\t<div class=\"elementor-price-table\">\n\t\t\t\t\t\t\t<div class=\"elementor-price-table__header\">\n\t\t\t\t\t\t\t\t\t\t\t<h3 class=\"elementor-price-table__heading\">\n\t\t\t\t\t\tApoio ao <br>Ensino Superior\t\t\t\t\t\t<\/h3>\n\t\t\t\t\t\n\t\t\t\t\t\t\t\t\t\t\t<span class=\"elementor-price-table__subheading\">\n\t\t\t\t\t\t\tExplica\u00e7\u00f5es \t\t\t\t\t\t<\/span>\n\t\t\t\t\t\t\t\t\t<\/div>\n\t\t\t\n\t\t\t<div class=\"elementor-price-table__price\">\n\t\t\t\t\t\t\t\t\t\t\t\t\t\t\t\t\t<span class=\"elementor-price-table__integer-part\">\n\t\t\t\t\t\t11\t\t\t\t\t<\/span>\n\t\t\t\t\n\t\t\t\t\n\t\t\t\t<span class=\"elementor-price-table__currency\">\u20ac\/hora<\/span>\n\t\t\t\t\t\t\t\t\t<span class=\"elementor-price-table__period elementor-typo-excluded\">desde<\/span>\t\t\t\t\t\t\t<\/div>\n\n\t\t\t\t\t\t\t<ul class=\"elementor-price-table__features-list\">\n\t\t\t\t\t\t\t\t\t\t\t<li class=\"elementor-repeater-item-f7b0eb5\">\n\t\t\t\t\t\t\t<div class=\"elementor-price-table__feature-inner\">\n\t\t\t\t\t\t\t\t<i aria-hidden=\"true\" class=\"far fa-check-circle\"><\/i>\t\t\t\t\t\t\t\t\t\t\t\t\t\t\t\t\t<span >\n\t\t\t\t\t\t\t\t\t\tProfessores da \u00e1rea\t\t\t\t\t\t\t\t\t<\/span>\n\t\t\t\t\t\t\t\t\t\t\t\t\t\t\t\t<\/div>\n\t\t\t\t\t\t<\/li>\n\t\t\t\t\t\t\t\t\t\t\t<li class=\"elementor-repeater-item-4446c3c\">\n\t\t\t\t\t\t\t<div class=\"elementor-price-table__feature-inner\">\n\t\t\t\t\t\t\t\t<i aria-hidden=\"true\" class=\"far fa-check-circle\"><\/i>\t\t\t\t\t\t\t\t\t\t\t\t\t\t\t\t\t<span >\n\t\t\t\t\t\t\t\t\t\tIndividual ou em grupo\t\t\t\t\t\t\t\t\t<\/span>\n\t\t\t\t\t\t\t\t\t\t\t\t\t\t\t\t<\/div>\n\t\t\t\t\t\t<\/li>\n\t\t\t\t\t\t\t\t\t\t\t<li class=\"elementor-repeater-item-fb229d7\">\n\t\t\t\t\t\t\t<div class=\"elementor-price-table__feature-inner\">\n\t\t\t\t\t\t\t\t<i aria-hidden=\"true\" class=\"far fa-check-circle\"><\/i>\t\t\t\t\t\t\t\t\t\t\t\t\t\t\t\t\t<span >\n\t\t\t\t\t\t\t\t\t\tValor por pessoa\t\t\t\t\t\t\t\t\t<\/span>\n\t\t\t\t\t\t\t\t\t\t\t\t\t\t\t\t<\/div>\n\t\t\t\t\t\t<\/li>\n\t\t\t\t\t\t\t\t\t<\/ul>\n\t\t\t\n\t\t\t\t\t\t\t<div class=\"elementor-price-table__footer\">\n\t\t\t\t\t\t\t\t\t\t\t<a class=\"elementor-price-table__button elementor-button elementor-size-md\" href=\"#elementor-action%3Aaction%3Dpopup%3Aopen%26settings%3DeyJpZCI6IjkyNTEiLCJ0b2dnbGUiOmZhbHNlfQ%3D%3D\">\n\t\t\t\t\t\t\tPedir marca\u00e7\u00e3o\t\t\t\t\t\t<\/a>\n\t\t\t\t\t\n\t\t\t\t\t\t\t\t\t<\/div>\n\t\t\t\t\t<\/div>\n\n\t\t\t\t\t\t<\/div>\n\t\t\t\t<\/div>\n\t\t\t\t\t<\/div>\n\t\t<\/div>\n\t\t\t\t<div class=\"elementor-column elementor-col-50 elementor-inner-column elementor-element elementor-element-dded3c4\" data-id=\"dded3c4\" data-element_type=\"column\" data-e-type=\"column\">\n\t\t\t<div class=\"elementor-widget-wrap elementor-element-populated\">\n\t\t\t\t\t\t<div class=\"elementor-element elementor-element-c6c0819 elementor-widget elementor-widget-text-editor\" data-id=\"c6c0819\" data-element_type=\"widget\" data-e-type=\"widget\" data-widget_type=\"text-editor.default\">\n\t\t\t\t<div class=\"elementor-widget-container\">\n\t\t\t\t\t\t\t\t\t<p><span style=\"font-family: Tahoma, sans-serif; font-size: 23px; font-weight: 700; text-align: center;\">Disciplinas dispon\u00edveis<\/span><br><\/p>\t\t\t\t\t\t\t\t<\/div>\n\t\t\t\t<\/div>\n\t\t\t\t<div class=\"elementor-element elementor-element-2e2500d bullet-list1 elementor-widget elementor-widget-eael-adv-tabs\" data-id=\"2e2500d\" data-element_type=\"widget\" data-e-type=\"widget\" data-widget_type=\"eael-adv-tabs.default\">\n\t\t\t\t<div class=\"elementor-widget-container\">\n\t\t\t\t\t        <div data-scroll-on-click=\"no\" data-scroll-speed=\"300\" id=\"eael-advance-tabs-2e2500d\" class=\"eael-advance-tabs eael-tabs-horizontal eael-tab-auto-active \" data-tabid=\"2e2500d\">\n            <div class=\"eael-tabs-nav \">\n                <ul class=\"\" role=\"tablist\">\n                                            <li id=\"contabilidade\" class=\"inactive eael-tab-item-trigger eael-tab-nav-item\" aria-selected=\"true\" data-tab=\"1\" role=\"tab\" tabindex=\"0\" aria-controls=\"contabilidade-tab\" aria-expanded=\"false\">\n                            \n                            \n                            \n                                                            <span class=\"eael-tab-title title-after-icon\" >Contabilidade<\/span>                                                    <\/li>\n                                            <li id=\"lia\" class=\"inactive eael-tab-item-trigger eael-tab-nav-item\" aria-selected=\"false\" data-tab=\"2\" role=\"tab\" tabindex=\"-1\" aria-controls=\"lia-tab\" aria-expanded=\"false\">\n                            \n                            \n                            \n                                                            <span class=\"eael-tab-title title-after-icon\" >F\u00edsica<\/span>                                                    <\/li>\n                                            <li id=\"matemtica\" class=\"inactive eael-tab-item-trigger eael-tab-nav-item\" aria-selected=\"false\" data-tab=\"3\" role=\"tab\" tabindex=\"-1\" aria-controls=\"matemtica-tab\" aria-expanded=\"false\">\n                            \n                            \n                            \n                                                            <span class=\"eael-tab-title title-after-icon\" >Matem\u00e1tica<\/span>                                                    <\/li>\n                                            <li id=\"programao\" class=\"inactive eael-tab-item-trigger eael-tab-nav-item\" aria-selected=\"false\" data-tab=\"4\" role=\"tab\" tabindex=\"-1\" aria-controls=\"programao-tab\" aria-expanded=\"false\">\n                            \n                            \n                            \n                                                            <span class=\"eael-tab-title title-after-icon\" >Programa\u00e7\u00e3o<\/span>                                                    <\/li>\n                                            <li id=\"qumica\" class=\"inactive eael-tab-item-trigger eael-tab-nav-item\" aria-selected=\"false\" data-tab=\"5\" role=\"tab\" tabindex=\"-1\" aria-controls=\"qumica-tab\" aria-expanded=\"false\">\n                            \n                            \n                            \n                                                            <span class=\"eael-tab-title title-after-icon\" >Qu\u00edmica<\/span>                                                    <\/li>\n                                            <li id=\"outras-reas\" class=\"inactive eael-tab-item-trigger eael-tab-nav-item\" aria-selected=\"false\" data-tab=\"6\" role=\"tab\" tabindex=\"-1\" aria-controls=\"outras-reas-tab\" aria-expanded=\"false\">\n                            \n                            \n                            \n                                                            <span class=\"eael-tab-title title-after-icon\" >Outras \u00c1reas<\/span>                                                    <\/li>\n                    \n                                  <\/ul>\n            <\/div>\n            \n            <div class=\"eael-tabs-content\">\n\t\t        \n                    <div id=\"contabilidade-tab\" class=\"clearfix eael-tab-content-item inactive\" data-title-link=\"contabilidade-tab\">\n\t\t\t\t        <ul>\nContabilidade geral\nContabilidade financeira e anal\u00edtica\nContabilidade das sociedades\nFinan\u00e7as empresariais\nGest\u00e3o financeira \nAn\u00e1lise de investimentos\nFicalidade portuguesa\n\n<\/ul>\n\nTodas estas disciplinas s\u00e3o da <b>Universidade de Aveiro<\/b>. Para outras, por favor, contacte-nos.                    <\/div>\n\t\t        \n                    <div id=\"lia-tab\" class=\"clearfix eael-tab-content-item inactive\" data-title-link=\"lia-tab\">\n\t\t\t\t        <ul>\nCampo Eletromagn\u00e9tico\nElementos de F\u00edsica\nEletricidade e Magnetismo (EMAG)\nEletromagnetismo\nF\u00edsica Geral\nFundamentos de F\u00edsica\nMec\u00e2nica\nMec\u00e2nica dos Fluidos\nMec\u00e2nica Cl\u00e1ssica\nMec\u00e2nica e Campo Eletromagn\u00e9tico\nTermodin\u00e2mica e F\u00edsica Estat\u00edstica<\/ul>\n\n<\/ul> \n\nTodas estas disciplinas s\u00e3o da <b>Universidade de Aveiro<\/b>. Para outras, por favor, contacte-nos.\n                    <\/div>\n\t\t        \n                    <div id=\"matemtica-tab\" class=\"clearfix eael-tab-content-item inactive\" data-title-link=\"matemtica-tab\">\n\t\t\t\t        <ul>\nC\u00e1lculo I, II, III\n ALGA (\u00c1lgebra Linear e Geometria Anal\u00edtica)\n M\u00e9todos Num\u00e9ricos\n M\u00e9todos Estat\u00edsticos\n Matem\u00e1ticas gerais I e II\n Matem\u00e1tica Discreta\n<\/ul>\n\nTodas estas disciplinas s\u00e3o da <b>Universidade de Aveiro<\/b>. Para outras, por favor, contacte-nos.\n                    <\/div>\n\t\t        \n                    <div id=\"programao-tab\" class=\"clearfix eael-tab-content-item inactive\" data-title-link=\"programao-tab\">\n\t\t\t\t        <ul>\nIntrodu\u00e7\u00e3o \u00e0 programa\u00e7\u00e3o em Python\n ACE &#8211; Aplicacionais para Ci\u00eancias e Engenharia<\/ul>\nTodas estas disciplinas s\u00e3o da <b>Universidade de Aveiro<\/b>. Para outras, por favor, contacte-nos.                    <\/div>\n\t\t        \n                    <div id=\"qumica-tab\" class=\"clearfix eael-tab-content-item inactive\" data-title-link=\"qumica-tab\">\n\t\t\t\t        <ul>\nQu\u00edmica Org\u00e2nica I, II\nBioqu\u00edmica e Biof\u00edsica (Enfermagem)\nElementos de Qu\u00edmica-F\u00edsica (EQF)\nFundamentos de Qu\u00edmica\nFundamentos de Qu\u00edmica para a Biomedicina\nIntrodu\u00e7\u00e3o aos Processos de Engenharia\nM\u00e9todos de An\u00e1lise Qu\u00edmica\nM\u00e9todos Instrumentais de an\u00e1lise\nQu\u00edmica Biorg\u00e2nica\nQu\u00edmica F\u00edsica Biol\u00f3gica (QFB)\nQu\u00edmica F\u00edsica I\nQu\u00edmica Org\u00e2nica<\/ul>\n\nTodas estas disciplinas s\u00e3o da <b>Universidade de Aveiro<\/b>. Para outras, por favor, contacte-nos.                    <\/div>\n\t\t        \n                    <div id=\"outras-reas-tab\" class=\"clearfix eael-tab-content-item inactive\" data-title-link=\"outras-reas-tab\">\n\t\t\t\t        <ul>\n Biologia celular e molecular\n Bioqu\u00edmica aplicada \n Bioqu\u00edmica aplicada \nDesenho t\u00e9cnico\nInstala\u00e7\u00f5es e Sistemas Energ\u00e9ticos Industriais\nModela\u00e7\u00e3o em Solidworks (CAD 3D)\n<\/ul>\n\nTodas estas disciplinas s\u00e3o da <b>Universidade de Aveiro<\/b>. Para outras, por favor, contacte-nos.                    <\/div>\n\t\t                    <\/div>\n        <\/div>\n\t\t\t\t<\/div>\n\t\t\t\t<\/div>\n\t\t\t\t<div class=\"elementor-element elementor-element-43ba931 bullet-list elementor-widget elementor-widget-text-editor\" data-id=\"43ba931\" data-element_type=\"widget\" data-e-type=\"widget\" data-widget_type=\"text-editor.default\">\n\t\t\t\t<div class=\"elementor-widget-container\">\n\t\t\t\t\t\t\t\t\t<ul>\n \t<li>Estamos a <b>50m do ISCA<\/b> &#8211; Instituto Superior de Contabilidade e Administra\u00e7\u00e3o, <b>100m da UA<\/b> \u2013 Universidade de Aveiro e a <b>200m da EB23 Jo\u00e3o Afonso<\/b>.<\/li>\n<p><\/p>\n \t<li>Para fazer uma visita virtual \u00e0s nossas instala\u00e7\u00f5es <a href=\"https:\/\/www.asformacao.com\/site\/visita-virtual\/\"><u>clique aqui<\/u><\/a>.<\/li>\n<\/ul>\t\t\t\t\t\t\t\t<\/div>\n\t\t\t\t<\/div>\n\t\t\t\t\t<\/div>\n\t\t<\/div>\n\t\t\t\t\t<\/div>\n\t\t<\/section>\n\t\t\t\t\t<\/div>\n\t\t<\/div>\n\t\t\t\t\t<\/div>\n\t\t<\/section>\n\t\t\t\t<\/div>\n\t\t","protected":false},"excerpt":{"rendered":"<p>Ensino Superior _____________________________ Apoio ao Ensino Superior Explica\u00e7\u00f5es 11 \u20ac\/hora desde Professores da \u00e1rea Individual ou em grupo Valor por pessoa Pedir marca\u00e7\u00e3o Disciplinas dispon\u00edveis Contabilidade F\u00edsica Matem\u00e1tica Programa\u00e7\u00e3o Qu\u00edmica Outras \u00c1reas Contabilidade geral Contabilidade financeira e anal\u00edtica Contabilidade das sociedades Finan\u00e7as empresariais Gest\u00e3o financeira An\u00e1lise de investimentos Ficalidade portuguesa Todas estas disciplinas s\u00e3o da &#8230; <a title=\"Ensino Superior\" class=\"read-more\" href=\"https:\/\/www.asformacao.com\/site\/ensino-superior\/\" aria-label=\"More on Ensino Superior\">Read more<\/a><\/p>\n","protected":false},"author":5,"featured_media":0,"parent":0,"menu_order":0,"comment_status":"closed","ping_status":"closed","template":"","meta":{"_acf_changed":false,"footnotes":""},"class_list":["post-2769","page","type-page","status-publish"],"acf":[],"_links":{"self":[{"href":"https:\/\/www.asformacao.com\/site\/wp-json\/wp\/v2\/pages\/2769","targetHints":{"allow":["GET"]}}],"collection":[{"href":"https:\/\/www.asformacao.com\/site\/wp-json\/wp\/v2\/pages"}],"about":[{"href":"https:\/\/www.asformacao.com\/site\/wp-json\/wp\/v2\/types\/page"}],"author":[{"embeddable":true,"href":"https:\/\/www.asformacao.com\/site\/wp-json\/wp\/v2\/users\/5"}],"replies":[{"embeddable":true,"href":"https:\/\/www.asformacao.com\/site\/wp-json\/wp\/v2\/comments?post=2769"}],"version-history":[{"count":2,"href":"https:\/\/www.asformacao.com\/site\/wp-json\/wp\/v2\/pages\/2769\/revisions"}],"predecessor-version":[{"id":20671,"href":"https:\/\/www.asformacao.com\/site\/wp-json\/wp\/v2\/pages\/2769\/revisions\/20671"}],"wp:attachment":[{"href":"https:\/\/www.asformacao.com\/site\/wp-json\/wp\/v2\/media?parent=2769"}],"curies":[{"name":"wp","href":"https:\/\/api.w.org\/{rel}","templated":true}]}}