{"id":9388,"date":"2023-10-23T09:06:27","date_gmt":"2023-10-23T09:06:27","guid":{"rendered":"https:\/\/www.asformacao.com\/site\/?page_id=9388"},"modified":"2024-05-18T14:38:44","modified_gmt":"2024-05-18T14:38:44","slug":"politica-de-cookies","status":"publish","type":"page","link":"https:\/\/www.asformacao.com\/site\/politica-de-cookies\/","title":{"rendered":"Pol\u00edtica de Cookies"},"content":{"rendered":"\t\t<div data-elementor-type=\"wp-page\" data-elementor-id=\"9388\" class=\"elementor elementor-9388\" data-elementor-post-type=\"page\">\n\t\t\t\t\t\t<section class=\"elementor-section elementor-top-section elementor-element elementor-element-39fd218 elementor-section-items-bottom elementor-section-content-bottom elementor-reverse-tablet elementor-reverse-mobile elementor-section-stretched elementor-section-height-min-height elementor-section-full_width elementor-section-height-default\" data-id=\"39fd218\" data-element_type=\"section\" data-e-type=\"section\" data-settings=\"{&quot;background_background&quot;:&quot;classic&quot;,&quot;stretch_section&quot;:&quot;section-stretched&quot;}\">\n\t\t\t\t\t\t<div class=\"elementor-container elementor-column-gap-no\">\n\t\t\t\t\t<div class=\"elementor-column elementor-col-50 elementor-top-column elementor-element elementor-element-9890822\" data-id=\"9890822\" data-element_type=\"column\" data-e-type=\"column\">\n\t\t\t<div class=\"elementor-widget-wrap elementor-element-populated\">\n\t\t\t\t\t\t<section class=\"elementor-section elementor-inner-section elementor-element elementor-element-8f99885 elementor-section-boxed elementor-section-height-default elementor-section-height-default\" data-id=\"8f99885\" data-element_type=\"section\" data-e-type=\"section\">\n\t\t\t\t\t\t<div class=\"elementor-container elementor-column-gap-default\">\n\t\t\t\t\t<div class=\"elementor-column elementor-col-50 elementor-inner-column elementor-element elementor-element-5bf51e9\" data-id=\"5bf51e9\" data-element_type=\"column\" data-e-type=\"column\">\n\t\t\t<div class=\"elementor-widget-wrap\">\n\t\t\t\t\t\t\t<\/div>\n\t\t<\/div>\n\t\t\t\t<div class=\"elementor-column elementor-col-50 elementor-inner-column elementor-element elementor-element-cc32823\" data-id=\"cc32823\" data-element_type=\"column\" data-e-type=\"column\">\n\t\t\t<div class=\"elementor-widget-wrap\">\n\t\t\t\t\t\t\t<\/div>\n\t\t<\/div>\n\t\t\t\t\t<\/div>\n\t\t<\/section>\n\t\t\t\t<div class=\"elementor-element elementor-element-f7d238c elementor-widget elementor-widget-spacer\" data-id=\"f7d238c\" data-element_type=\"widget\" data-e-type=\"widget\" data-widget_type=\"spacer.default\">\n\t\t\t\t<div class=\"elementor-widget-container\">\n\t\t\t\t\t\t\t<div class=\"elementor-spacer\">\n\t\t\t<div class=\"elementor-spacer-inner\"><\/div>\n\t\t<\/div>\n\t\t\t\t\t\t<\/div>\n\t\t\t\t<\/div>\n\t\t\t\t\t<\/div>\n\t\t<\/div>\n\t\t\t\t<div class=\"elementor-column elementor-col-50 elementor-top-column elementor-element elementor-element-39affe0\" data-id=\"39affe0\" data-element_type=\"column\" data-e-type=\"column\">\n\t\t\t<div class=\"elementor-widget-wrap elementor-element-populated\">\n\t\t\t\t\t\t<div class=\"elementor-element elementor-element-15ed15b animated-slow elementor-invisible elementor-widget elementor-widget-heading\" data-id=\"15ed15b\" data-element_type=\"widget\" data-e-type=\"widget\" data-settings=\"{&quot;_animation&quot;:&quot;fadeIn&quot;,&quot;_animation_delay&quot;:1000}\" data-widget_type=\"heading.default\">\n\t\t\t\t<div class=\"elementor-widget-container\">\n\t\t\t\t\t<h2 class=\"elementor-heading-title elementor-size-default\">Pol\u00edtica de cookies<\/h2>\t\t\t\t<\/div>\n\t\t\t\t<\/div>\n\t\t\t\t<section class=\"elementor-section elementor-inner-section elementor-element elementor-element-f6e797b elementor-section-boxed elementor-section-height-default elementor-section-height-default\" data-id=\"f6e797b\" data-element_type=\"section\" data-e-type=\"section\">\n\t\t\t\t\t\t<div class=\"elementor-container elementor-column-gap-default\">\n\t\t\t\t\t<div class=\"elementor-column elementor-col-50 elementor-inner-column elementor-element elementor-element-2094f18\" data-id=\"2094f18\" data-element_type=\"column\" data-e-type=\"column\">\n\t\t\t<div class=\"elementor-widget-wrap\">\n\t\t\t\t\t\t\t<\/div>\n\t\t<\/div>\n\t\t\t\t<div class=\"elementor-column elementor-col-50 elementor-inner-column elementor-element elementor-element-3af47bd\" data-id=\"3af47bd\" data-element_type=\"column\" data-e-type=\"column\">\n\t\t\t<div class=\"elementor-widget-wrap\">\n\t\t\t\t\t\t\t<\/div>\n\t\t<\/div>\n\t\t\t\t\t<\/div>\n\t\t<\/section>\n\t\t\t\t<div class=\"elementor-element elementor-element-7db8a4c elementor-widget elementor-widget-spacer\" data-id=\"7db8a4c\" data-element_type=\"widget\" data-e-type=\"widget\" data-widget_type=\"spacer.default\">\n\t\t\t\t<div class=\"elementor-widget-container\">\n\t\t\t\t\t\t\t<div class=\"elementor-spacer\">\n\t\t\t<div class=\"elementor-spacer-inner\"><\/div>\n\t\t<\/div>\n\t\t\t\t\t\t<\/div>\n\t\t\t\t<\/div>\n\t\t\t\t\t<\/div>\n\t\t<\/div>\n\t\t\t\t\t<\/div>\n\t\t<\/section>\n\t\t\t\t<section class=\"elementor-section elementor-top-section elementor-element elementor-element-4ee405f elementor-section-boxed elementor-section-height-default elementor-section-height-default\" data-id=\"4ee405f\" data-element_type=\"section\" data-e-type=\"section\">\n\t\t\t\t\t\t<div class=\"elementor-container elementor-column-gap-default\">\n\t\t\t\t\t<div class=\"elementor-column elementor-col-100 elementor-top-column elementor-element elementor-element-d6e8f49\" data-id=\"d6e8f49\" data-element_type=\"column\" data-e-type=\"column\">\n\t\t\t<div class=\"elementor-widget-wrap elementor-element-populated\">\n\t\t\t\t\t\t<div class=\"elementor-element elementor-element-89d0630 elementor-widget elementor-widget-text-editor\" data-id=\"89d0630\" data-element_type=\"widget\" data-e-type=\"widget\" data-widget_type=\"text-editor.default\">\n\t\t\t\t<div class=\"elementor-widget-container\">\n\t\t\t\t\t\t\t\t\t<h1 style=\"text-align: center;\"><strong>Acerca da pol\u00edtica de cookies<\/strong><\/h1><div><p>Esta Pol\u00edtica de cookies explica o que s\u00e3o e como os usamos. Deve ler esta pol\u00edtica para entender o que s\u00e3o cookies, como os usamos, os tipos de cookies que usamos, ou seja, as informa\u00e7\u00f5es que recolhemos usando cookies e como essas informa\u00e7\u00f5es s\u00e3o usadas e como controlar as prefer\u00eancias de cookies. Para mais informa\u00e7\u00f5es sobre como usamos, armazenamos e mantemos seus dados pessoais seguros, consulte nossa\u00a0<a href=\"https:\/\/www.asformacao.com\/site\/rgpd\/\" target=\"_blank\" rel=\"noopener\">Declara\u00e7\u00e3o\u00a0 de Privacidade<\/a>.<\/p><p>Pode a qualquer momento alterar ou retirar seu consentimento da Declara\u00e7\u00e3o de Cookies no nosso site.<\/p><p>Saiba mais sobre quem somos, como pode entrar em contacto connosco e como processamos dados pessoais de acordo com a nossa\u00a0<a href=\"https:\/\/www.asformacao.com\/site\/rgpd\/\" target=\"_blank\" rel=\"noopener\">Declara\u00e7\u00e3o de Privacidade<\/a>.<\/p><p>O seu consentimento aplica-se aos seguintes dom\u00ednios:\u00a0asformacao.com<\/p><p>[user_consent_state]<\/p><\/div><h3>O que s\u00e3o os cookies ?<\/h3><div><p>Cookies s\u00e3o pequenos arquivos de texto usados para armazenar pequenas informa\u00e7\u00f5es. Os cookies s\u00e3o armazenados no seu dispositivo quando o site \u00e9 carregado no seu navegador. Esses cookies ajudam-nos a fazer com que o site funcione corretamente, a torn\u00e1-lo mais seguro, a proporcionar uma melhor experi\u00eancia do usu\u00e1rio e a entender como o site funciona e a analisar o que funciona e onde precisa ser melhorado.<\/p><\/div><h3>Porque usamos cookies ?<\/h3><div><p>Como a maioria dos servi\u00e7os on-line, o nosso site usa cookies prim\u00e1rios e de terceiros para diversas finalidades. Os cookies prim\u00e1rios s\u00e3o necess\u00e1rios para o funcionamento correto do site e n\u00e3o recolhem nenhum dos seus dados de identifica\u00e7\u00e3o pessoal.Os cookies de terceiros usados no nossos sites s\u00e3o usados para entender o desempenho do site, como interage com nosso site, mant\u00e9m nossos servi\u00e7os seguros, fornece an\u00fancios relevantes para si e, em geral, fornece uma melhor e melhorada experi\u00eancia do usu\u00e1rio e ajuda a acelerar suas futuras intera\u00e7\u00f5es com nosso site.<\/p><\/div><h3>Que tipos de cookies usamos ?<\/h3><div><p>Essenciais: alguns cookies s\u00e3o essenciais para que possa experimentar todas as funcionalidades do nosso site. Permitem manter sess\u00f5es de usu\u00e1rios e evitar amea\u00e7as \u00e0 seguran\u00e7a. Eles n\u00e3o recolhem ou armazenam nenhuma informa\u00e7\u00e3o pessoal. Por exemplo, esses cookies permitem que fa\u00e7a login na sua conta e adicione produtos\u00a0 e fa\u00e7a o checkout com seguran\u00e7a.<\/p><p>Estat\u00edsticas: estes cookies armazenam informa\u00e7\u00f5es como o n\u00famero de visitantes do site, o n\u00famero de visitantes \u00fanicos, quais p\u00e1ginas do site foram visitadas, a fonte da visita etc. Esses dados ajudam-nos a entender e analisar o desempenho do site para que possamos proceder a melhorias.<\/p><p>Marketing: O nosso site poder\u00e1 exibir an\u00fancios. Esses cookies s\u00e3o usados para personalizar os an\u00fancios que mostramos\u00a0 para que sejam significativos. Esses cookies tamb\u00e9m nos ajudam a acompanhar a efici\u00eancia dessas campanhas publicit\u00e1rias. As informa\u00e7\u00f5es armazenadas nesses cookies tamb\u00e9m podem ser usadas por fornecedores de an\u00fancios para mostrar an\u00fancios em outros sites tamb\u00e9m no navegador.<\/p><p>Funcionais: estes s\u00e3o os cookies que ajudam certas funcionalidades n\u00e3o essenciais no nosso site. Essas funcionalidades incluem incorporar conte\u00fado como v\u00eddeos ou compartilhar conte\u00fado no site nas plataformas de m\u00eddia social.Prefer\u00eancias: esses cookies ajudam a armazenar suas configura\u00e7\u00f5es e prefer\u00eancias de navega\u00e7\u00e3o, como prefer\u00eancias de idioma, para que voc\u00ea tenha uma experi\u00eancia melhor e mais eficiente em futuras visitas ao site.[cookie_audit columns=&#8221;cookie,description&#8221; heading=&#8221;Lista de cookies usadas no nosso website&#8221;]<\/p><\/div><div>\u00a0<\/div><h3>Como posso controlar as minhas prefer\u00eancias de cookies ?<\/h3><div><span style=\"font-family: Tahoma, sans-serif; font-size: 16.0016px;\">Sedecidir alterar suas prefer\u00eancias posteriormente na sess\u00e3o de navega\u00e7\u00e3o, clique na guia &#8220;Pol\u00edtica de Cookies&#8221; na tela. Isso exibir\u00e1 o aviso de consentimento novamente, permitindo que voc\u00ea altere suas prefer\u00eancias ou retire seu consentimento completamente.<\/span><\/div><div>\u00a0<\/div><div><p>Navegadores diferentes fornecem m\u00e9todos diferentes para bloquear e excluir cookies usados pelos sites. Voc\u00ea pode alterar as configura\u00e7\u00f5es do seu navegador para bloquear \/ excluir os cookies. Para saber mais sobre como gerenciar e excluir cookies, visite wikipedia.org, www.allaboutcookies.org.<\/p><\/div>\t\t\t\t\t\t\t\t<\/div>\n\t\t\t\t<\/div>\n\t\t\t\t\t<\/div>\n\t\t<\/div>\n\t\t\t\t\t<\/div>\n\t\t<\/section>\n\t\t\t\t<\/div>\n\t\t","protected":false},"excerpt":{"rendered":"<p>Pol\u00edtica de cookies Acerca da pol\u00edtica de cookies Esta Pol\u00edtica de cookies explica o que s\u00e3o e como os usamos. Deve ler esta pol\u00edtica para entender o que s\u00e3o cookies, como os usamos, os tipos de cookies que usamos, ou seja, as informa\u00e7\u00f5es que recolhemos usando cookies e como essas informa\u00e7\u00f5es s\u00e3o usadas e como &#8230; <a title=\"Pol\u00edtica de Cookies\" class=\"read-more\" href=\"https:\/\/www.asformacao.com\/site\/politica-de-cookies\/\" aria-label=\"More on Pol\u00edtica de Cookies\">Read more<\/a><\/p>\n","protected":false},"author":5,"featured_media":0,"parent":0,"menu_order":0,"comment_status":"closed","ping_status":"closed","template":"","meta":{"_acf_changed":false,"footnotes":""},"class_list":["post-9388","page","type-page","status-publish"],"acf":[],"_links":{"self":[{"href":"https:\/\/www.asformacao.com\/site\/wp-json\/wp\/v2\/pages\/9388","targetHints":{"allow":["GET"]}}],"collection":[{"href":"https:\/\/www.asformacao.com\/site\/wp-json\/wp\/v2\/pages"}],"about":[{"href":"https:\/\/www.asformacao.com\/site\/wp-json\/wp\/v2\/types\/page"}],"author":[{"embeddable":true,"href":"https:\/\/www.asformacao.com\/site\/wp-json\/wp\/v2\/users\/5"}],"replies":[{"embeddable":true,"href":"https:\/\/www.asformacao.com\/site\/wp-json\/wp\/v2\/comments?post=9388"}],"version-history":[{"count":2,"href":"https:\/\/www.asformacao.com\/site\/wp-json\/wp\/v2\/pages\/9388\/revisions"}],"predecessor-version":[{"id":9438,"href":"https:\/\/www.asformacao.com\/site\/wp-json\/wp\/v2\/pages\/9388\/revisions\/9438"}],"wp:attachment":[{"href":"https:\/\/www.asformacao.com\/site\/wp-json\/wp\/v2\/media?parent=9388"}],"curies":[{"name":"wp","href":"https:\/\/api.w.org\/{rel}","templated":true}]}}